{"id":307,"date":"2021-05-20T13:19:59","date_gmt":"2021-05-20T16:19:59","guid":{"rendered":"https:\/\/mundialdoqueijodobrasil.com\/?page_id=307"},"modified":"2026-04-11T00:22:04","modified_gmt":"2026-04-11T03:22:04","slug":"landing-page-2","status":"publish","type":"page","link":"https:\/\/mundialdoqueijodobrasil.com\/en\/","title":{"rendered":"Landing Page"},"content":{"rendered":"<div data-elementor-type=\"wp-page\" data-elementor-id=\"307\" class=\"elementor elementor-307\" data-elementor-post-type=\"page\">\n\t\t\t\t<div class=\"elementor-element elementor-element-b69bfca e-flex e-con-boxed e-con e-parent\" data-id=\"b69bfca\" data-element_type=\"container\" data-e-type=\"container\" data-settings=\"{&quot;background_background&quot;:&quot;slideshow&quot;,&quot;background_slideshow_gallery&quot;:[],&quot;background_slideshow_loop&quot;:&quot;yes&quot;,&quot;background_slideshow_slide_duration&quot;:5000,&quot;background_slideshow_slide_transition&quot;:&quot;fade&quot;,&quot;background_slideshow_transition_duration&quot;:500}\">\n\t\t\t\t\t<div class=\"e-con-inner\">\n\t\t\t\t<div class=\"elementor-element elementor-element-a116665 elementor-widget elementor-widget-image\" data-id=\"a116665\" data-element_type=\"widget\" data-e-type=\"widget\" data-widget_type=\"image.default\">\n\t\t\t\t<div class=\"elementor-widget-container\">\n\t\t\t\t\t\t\t\t\t\t\t\t<figure class=\"wp-caption\">\n\t\t\t\t\t\t\t\t\t\t\t<a href=\"https:\/\/mundialdoqueijodobrasil.com\/en\/form-inscricao-4-mundial\/\">\n\t\t\t\t\t\t\t<img fetchpriority=\"high\" decoding=\"async\" width=\"1920\" height=\"411\" src=\"https:\/\/mundialdoqueijodobrasil.com\/wp-content\/uploads\/2026\/01\/cab.webp\" class=\"attachment-full size-full wp-image-94353\" alt=\"\" srcset=\"https:\/\/mundialdoqueijodobrasil.com\/wp-content\/uploads\/2026\/01\/cab.webp 1920w, https:\/\/mundialdoqueijodobrasil.com\/wp-content\/uploads\/2026\/01\/cab-300x64.webp 300w, https:\/\/mundialdoqueijodobrasil.com\/wp-content\/uploads\/2026\/01\/cab-1024x219.webp 1024w, https:\/\/mundialdoqueijodobrasil.com\/wp-content\/uploads\/2026\/01\/cab-768x164.webp 768w, https:\/\/mundialdoqueijodobrasil.com\/wp-content\/uploads\/2026\/01\/cab-1536x329.webp 1536w, https:\/\/mundialdoqueijodobrasil.com\/wp-content\/uploads\/2026\/01\/cab-18x4.webp 18w, https:\/\/mundialdoqueijodobrasil.com\/wp-content\/uploads\/2026\/01\/cab-500x107.webp 500w, https:\/\/mundialdoqueijodobrasil.com\/wp-content\/uploads\/2026\/01\/cab-700x150.webp 700w\" sizes=\"(max-width: 1920px) 100vw, 1920px\" \/>\t\t\t\t\t\t\t\t<\/a>\n\t\t\t\t\t\t\t\t\t\t\t<figcaption class=\"widget-image-caption wp-caption-text\"><\/figcaption>\n\t\t\t\t\t\t\t\t\t\t<\/figure>\n\t\t\t\t\t\t\t\t\t<\/div>\n\t\t\t\t<\/div>\n\t\t\t\t<div class=\"elementor-element elementor-element-fe2290c elementor--h-position-center elementor--v-position-middle elementor-arrows-position-inside elementor-pagination-position-inside elementor-widget elementor-widget-slides\" data-id=\"fe2290c\" data-element_type=\"widget\" data-e-type=\"widget\" data-settings=\"{&quot;autoplay_speed&quot;:7001,&quot;transition_speed&quot;:499,&quot;navigation&quot;:&quot;both&quot;,&quot;autoplay&quot;:&quot;yes&quot;,&quot;pause_on_hover&quot;:&quot;yes&quot;,&quot;pause_on_interaction&quot;:&quot;yes&quot;,&quot;infinite&quot;:&quot;yes&quot;,&quot;transition&quot;:&quot;slide&quot;}\" data-widget_type=\"slides.default\">\n\t\t\t\t<div class=\"elementor-widget-container\">\n\t\t\t\t\t\t\t\t\t<div class=\"elementor-swiper\">\n\t\t\t\t\t<div class=\"elementor-slides-wrapper elementor-main-swiper swiper\" role=\"region\" aria-roledescription=\"carousel\" aria-label=\"Slides\" dir=\"ltr\" data-animation=\"fadeInUp\">\n\t\t\t\t<div class=\"swiper-wrapper elementor-slides\">\n\t\t\t\t\t\t\t\t\t\t<div class=\"elementor-repeater-item-909442f swiper-slide\" role=\"group\" aria-roledescription=\"slide\"><div class=\"swiper-slide-bg elementor-ken-burns elementor-ken-burns--in\" role=\"img\" aria-label=\"milk\"><\/div><div class=\"elementor-background-overlay\"><\/div><a class=\"swiper-slide-inner\" href=\"https:\/\/www.sympla.com.br\/evento\/4-mundial-do-queijo-do-brasil-2026\/3329875?gad_source=1&#038;gad_campaignid=23727357561&#038;gbraid=0AAAAAplEnhIQX5-tX4Ppxc85cbcZaxML0&#038;gclid=CjwKCAjwnN3OBhA8EiwAfpTYeksU-4mtVTvD-38dX9AYFUu-aGk51nyOjRYPPEw3sHmW1NZpabNqhxoCTBkQAvD_BwE&#038;referrer=www.google.com&#038;referrer=www.google.com\"><div class=\"swiper-slide-contents\"><div class=\"elementor-slide-heading\">Mobile cheese factory: come and get your hands dirty!<\/div><div class=\"elementor-slide-description\">Practical courses on making fresh cheese and mozzarella to learn the basics in a fun way.<\/div><div  class=\"elementor-button elementor-slide-button elementor-size-sm\">Subscribe <\/div><\/div><\/a><\/div><div class=\"elementor-repeater-item-41a7b2c swiper-slide\" role=\"group\" aria-roledescription=\"slide\"><div class=\"swiper-slide-bg elementor-ken-burns elementor-ken-burns--in\" role=\"img\" aria-label=\"fonduesemtitulo\"><\/div><div class=\"elementor-background-overlay\"><\/div><a class=\"swiper-slide-inner\" href=\"https:\/\/mundialdoqueijodobrasil.com\/en\/2-concurso-de-melhor-fondue-do-brasil\/\"><div class=\"swiper-slide-contents\"><div class=\"elementor-slide-heading\">Best Fondue in Brazil Competition<\/div><div class=\"elementor-slide-description\">The winner will represent Brazil in the Best Fondue in Switzerland competition in 2027.<\/div><div  class=\"elementor-button elementor-slide-button elementor-size-sm\">Register by April 10th.<\/div><\/div><\/a><\/div><div class=\"elementor-repeater-item-0c16bf1 swiper-slide\" role=\"group\" aria-roledescription=\"slide\"><div class=\"swiper-slide-bg elementor-ken-burns elementor-ken-burns--in\" role=\"img\" aria-label=\"fair\"><\/div><div class=\"elementor-background-overlay\"><\/div><a class=\"swiper-slide-inner\" href=\"https:\/\/mundialdoqueijodobrasil.com\/en\/feira-de-queijos-e-alimentos-de-origem\/\"><div class=\"swiper-slide-contents\"><div class=\"elementor-slide-heading\">Cheese and locally sourced food fairs<\/div><div class=\"elementor-slide-description\">Discover all the gifts at the World Cheese Awards fair in Brazil.<\/div><div  class=\"elementor-button elementor-slide-button elementor-size-sm\">List of exhibitors<\/div><\/div><\/a><\/div><div class=\"elementor-repeater-item-f5107c1 swiper-slide\" role=\"group\" aria-roledescription=\"slide\"><div class=\"swiper-slide-bg elementor-ken-burns elementor-ken-burns--in\" role=\"img\" aria-label=\"Milky Way - Copy\"><\/div><div class=\"elementor-background-overlay\"><\/div><a class=\"swiper-slide-inner\" href=\"https:\/\/mundialdoqueijodobrasil.com\/en\/programa-via-lactea\/\"><div class=\"swiper-slide-contents\"><div class=\"elementor-slide-heading\">Milky Way Conferences<\/div><div class=\"elementor-slide-description\">Meeting of knowledge: conferences, roundtables and presentation of scientific posters.<\/div><div  class=\"elementor-button elementor-slide-button elementor-size-sm\">Registrations<\/div><\/div><\/a><\/div><div class=\"elementor-repeater-item-e76cdc5 swiper-slide\" role=\"group\" aria-roledescription=\"slide\"><div class=\"swiper-slide-bg\" role=\"img\" aria-label=\"program - copy\"><\/div><div class=\"elementor-background-overlay\"><\/div><a class=\"swiper-slide-inner\" href=\"https:\/\/mundialdoqueijodobrasil.com\/en\/programacompleto\/\"><div class=\"swiper-slide-contents\"><div class=\"elementor-slide-heading\">Full program<\/div><div class=\"elementor-slide-description\">There are many parallel events; create your own personalized route by analyzing all the options.<\/div><div  class=\"elementor-button elementor-slide-button elementor-size-sm\">Program<\/div><\/div><\/a><\/div>\t\t\t\t<\/div>\n\t\t\t\t\t\t\t\t\t\t\t\t\t\t\t<div class=\"elementor-swiper-button elementor-swiper-button-prev\" role=\"button\" tabindex=\"0\" aria-label=\"Previous slide\">\n\t\t\t\t\t\t\t<svg aria-hidden=\"true\" class=\"e-font-icon-svg e-eicon-chevron-left\" viewbox=\"0 0 1000 1000\" xmlns=\"http:\/\/www.w3.org\/2000\/svg\"><path d=\"M646 125C629 125 613 133 604 142L308 442C296 454 292 471 292 487 292 504 296 521 308 533L604 854C617 867 629 875 646 875 663 875 679 871 692 858 704 846 713 829 713 812 713 796 708 779 692 767L438 487 692 225C700 217 708 204 708 187 708 171 704 154 692 142 675 129 663 125 646 125Z\"><\/path><\/svg>\t\t\t\t\t\t<\/div>\n\t\t\t\t\t\t<div class=\"elementor-swiper-button elementor-swiper-button-next\" role=\"button\" tabindex=\"0\" aria-label=\"Next slide\">\n\t\t\t\t\t\t\t<svg aria-hidden=\"true\" class=\"e-font-icon-svg e-eicon-chevron-right\" viewbox=\"0 0 1000 1000\" xmlns=\"http:\/\/www.w3.org\/2000\/svg\"><path d=\"M696 533C708 521 713 504 713 487 713 471 708 454 696 446L400 146C388 133 375 125 354 125 338 125 325 129 313 142 300 154 292 171 292 187 292 204 296 221 308 233L563 492 304 771C292 783 288 800 288 817 288 833 296 850 308 863 321 871 338 875 354 875 371 875 388 867 400 854L696 533Z\"><\/path><\/svg>\t\t\t\t\t\t<\/div>\n\t\t\t\t\t\t\t\t\t\t\t\t\t\t\t\t<div class=\"swiper-pagination\"><\/div>\n\t\t\t\t\t\t\t\t\t\t\t\t<\/div>\n\t\t\t\t<\/div>\n\t\t\t\t\t\t\t\t<\/div>\n\t\t\t\t<\/div>\n\t\t\t\t\t<\/div>\n\t\t\t\t<\/div>\n\t\t<div class=\"elementor-element elementor-element-3adde979 e-flex e-con-boxed e-con e-parent\" data-id=\"3adde979\" data-element_type=\"container\" data-e-type=\"container\" data-settings=\"{&quot;background_background&quot;:&quot;classic&quot;}\">\n\t\t\t\t\t<div class=\"e-con-inner\">\n\t\t\t\t<div class=\"elementor-element elementor-element-c95c149 elementor-widget elementor-widget-menu-anchor\" data-id=\"c95c149\" data-element_type=\"widget\" data-e-type=\"widget\" data-widget_type=\"menu-anchor.default\">\n\t\t\t\t<div class=\"elementor-widget-container\">\n\t\t\t\t\t\t\t<div class=\"elementor-menu-anchor\" id=\"sobre\"><\/div>\n\t\t\t\t\t\t<\/div>\n\t\t\t\t<\/div>\n\t\t<div class=\"elementor-element elementor-element-79d0ccb e-con-full e-flex e-con e-child\" data-id=\"79d0ccb\" data-element_type=\"container\" data-e-type=\"container\">\n\t\t<div class=\"elementor-element elementor-element-6e6b652 e-con-full e-grid e-con e-child\" data-id=\"6e6b652\" data-element_type=\"container\" data-e-type=\"container\">\n\t\t\t\t<div class=\"elementor-element elementor-element-bce9dc2 elementor-widget elementor-widget-text-editor\" data-id=\"bce9dc2\" data-element_type=\"widget\" data-e-type=\"widget\" data-widget_type=\"text-editor.default\">\n\t\t\t\t<div class=\"elementor-widget-container\">\n\t\t\t\t\t\t\t\t\t<p>The 4th Brazilian Cheese World Cup will take place from <b>April 16-19, 2026, at the B32 Theater<\/b>, <strong>S\u00e3o Paulo-SP<\/strong>. The program, aimed at professionals and end consumers, was put together by a\u00a0<strong><a href=\"https:\/\/mundialdoqueijodobrasil.com\/en\/quem-faz\/\">team <\/a><\/strong>cheese enthusiast.<\/p><p>A <strong>Cheese and terroir food fair<\/strong>\u00a0<span class=\"OYPEnA font-feature-liga-off font-feature-clig-off font-feature-calt-off text-decoration-none text-strikethrough-none\">will be held outside the B32 Theater,<\/span>\u00a0<strong>with free public access<\/strong>. More than 100 producers from all over Brazil will be selling their products directly from the farm.<\/p><p>Inside the theater, four contests promise to delight the participants:<\/p><ul><li><a href=\"https:\/\/mundialdoqueijodobrasil.com\/en\/concursoqueijos\/\" target=\"_blank\" rel=\"noopener\"><b><u>4th Cheese and Dairy Products Competition;<\/u><\/b><\/a><\/li><li><a href=\"https:\/\/mundialdoqueijodobrasil.com\/en\/concursoqueijeiro\/\" target=\"_blank\" rel=\"noopener\"><b><u>3rd Best Cheese Maker in Brazil Competition;<\/u><\/b><\/a><\/li><li><a href=\"https:\/\/mundialdoqueijodobrasil.com\/en\/concursoqueijista\/\" target=\"_blank\" rel=\"noopener noreferrer\"><b><u>3rd Contest for the Best Cheese Maker in Brazil;<\/u><\/b><\/a><\/li><li><b><a href=\"https:\/\/mundialdoqueijodobrasil.com\/en\/2-concurso-de-melhor-fondue-do-brasil\/\" target=\"_blank\" rel=\"noopener noreferrer\"><u>3rd Best Fondue Contest in Brazil.<\/u><\/a><\/b><\/li><\/ul><p>In the Theater's coworking rooms (accessed via the stairs next to the Baleia), the<a href=\"https:\/\/mundialdoqueijodobrasil.com\/en\/inscricoes-para-o-programa-via-lactea\/\"><strong> Milky Way Program<\/strong><\/a> will <strong>Conferences<\/strong> e <strong>Business Round<\/strong>.<\/p><p>Since 2019, the <strong>Brazilian Cheese World Cup<\/strong>\u00a0has established itself as the essential event for participants in the cheese and dairy sector. Cheese curators, milk producers, distributors, equipment manufacturers, suppliers, chefs... all will be present once again in S\u00e3o Paulo for the 4th edition, which will once again demonstrate their expertise.<\/p>\t\t\t\t\t\t\t\t<\/div>\n\t\t\t\t<\/div>\n\t\t\t\t<div class=\"elementor-element elementor-element-600f770 elementor-widget elementor-widget-image\" data-id=\"600f770\" data-element_type=\"widget\" data-e-type=\"widget\" data-widget_type=\"image.default\">\n\t\t\t\t<div class=\"elementor-widget-container\">\n\t\t\t\t\t\t\t\t\t\t\t\t\t\t\t<img decoding=\"async\" src=\"https:\/\/mundialdoqueijodobrasil.com\/wp-content\/uploads\/elementor\/thumbs\/5-TEATRO_B32_CERIMONIA-6364-scaled-1-r0rs6627c3g4p43rs68seu0g0pu3udkkujeqf7pb28.webp\" title=\"5-TEATRO_B32_CERIMONIA-6364-scaled-1.webp\" alt=\"5-TEATRO_B32_CERIMONIA-6364-scaled-1.webp\" loading=\"lazy\" \/>\t\t\t\t\t\t\t\t\t\t\t\t\t\t\t<\/div>\n\t\t\t\t<\/div>\n\t\t\t\t<\/div>\n\t\t\t\t<\/div>\n\t\t\t\t\t<\/div>\n\t\t\t\t<\/div>\n\t\t<div class=\"elementor-element elementor-element-77e4947 e-grid e-con-full e-con e-parent\" data-id=\"77e4947\" data-element_type=\"container\" data-e-type=\"container\">\n\t\t\t\t<div class=\"elementor-element elementor-element-4b2de6e elementor-widget elementor-widget-image\" data-id=\"4b2de6e\" data-element_type=\"widget\" data-e-type=\"widget\" data-widget_type=\"image.default\">\n\t\t\t\t<div class=\"elementor-widget-container\">\n\t\t\t\t\t\t\t\t\t\t\t\t<figure class=\"wp-caption\">\n\t\t\t\t\t\t\t\t\t\t<img decoding=\"async\" src=\"https:\/\/mundialdoqueijodobrasil.com\/wp-content\/uploads\/elementor\/thumbs\/image-r0rs4xvnjgmhk0lamkd3qfmcc3hjfgti2rw2ak4w3s.webp\" title=\"image\" alt=\"Foto: Divulga\u00e7\u00e3o\u00a0\" loading=\"lazy\" \/>\t\t\t\t\t\t\t\t\t\t\t<figcaption class=\"widget-image-caption wp-caption-text\">Morro azul, from the Vermont cheese factory, best cheese in the world in 2024<\/figcaption>\n\t\t\t\t\t\t\t\t\t\t<\/figure>\n\t\t\t\t\t\t\t\t\t<\/div>\n\t\t\t\t<\/div>\n\t\t\t\t<div class=\"elementor-element elementor-element-8d09c7c elementor-widget elementor-widget-image\" data-id=\"8d09c7c\" data-element_type=\"widget\" data-e-type=\"widget\" data-widget_type=\"image.default\">\n\t\t\t\t<div class=\"elementor-widget-container\">\n\t\t\t\t\t\t\t\t\t\t\t\t<figure class=\"wp-caption\">\n\t\t\t\t\t\t\t\t\t\t<img decoding=\"async\" src=\"https:\/\/mundialdoqueijodobrasil.com\/wp-content\/uploads\/elementor\/thumbs\/JW_6543-1-1-scaled-r0rs49fulrp165ksl9ssxlscw2tzvc4hbexftd54lk.webp\" title=\"_JW_6543 (1)\" alt=\"_JW_6543 (1)\" loading=\"lazy\" \/>\t\t\t\t\t\t\t\t\t\t\t<figcaption class=\"widget-image-caption wp-caption-text\">Henrique Herbert, Best Cheesemaker in Brazil 2024<\/figcaption>\n\t\t\t\t\t\t\t\t\t\t<\/figure>\n\t\t\t\t\t\t\t\t\t<\/div>\n\t\t\t\t<\/div>\n\t\t\t\t<div class=\"elementor-element elementor-element-6d54cef elementor-widget elementor-widget-image\" data-id=\"6d54cef\" data-element_type=\"widget\" data-e-type=\"widget\" data-widget_type=\"image.default\">\n\t\t\t\t<div class=\"elementor-widget-container\">\n\t\t\t\t\t\t\t\t\t\t\t\t<figure class=\"wp-caption\">\n\t\t\t\t\t\t\t\t\t\t<img decoding=\"async\" src=\"https:\/\/mundialdoqueijodobrasil.com\/wp-content\/uploads\/elementor\/thumbs\/Anderson-Aguiar.-FOTO-Guillermo-White-SerTaoBras-rdotabncz0037a99neq1odwnpdnxvt4qqnqw5cfxjc.webp\" title=\"Anderson Aguiar. PHOTO Guillermo White SerT\u00e3oBras\" alt=\"Anderson Aguiar. FOTO Guillermo White SerT\u00e3oBras\" loading=\"lazy\" \/>\t\t\t\t\t\t\t\t\t\t\t<figcaption class=\"widget-image-caption wp-caption-text\">Anderson Aguiar, Best Cheesemaker in Brazil 2024<\/figcaption>\n\t\t\t\t\t\t\t\t\t\t<\/figure>\n\t\t\t\t\t\t\t\t\t<\/div>\n\t\t\t\t<\/div>\n\t\t\t\t<div class=\"elementor-element elementor-element-041393f elementor-widget elementor-widget-image\" data-id=\"041393f\" data-element_type=\"widget\" data-e-type=\"widget\" data-widget_type=\"image.default\">\n\t\t\t\t<div class=\"elementor-widget-container\">\n\t\t\t\t\t\t\t\t\t\t\t\t<figure class=\"wp-caption\">\n\t\t\t\t\t\t\t\t\t\t<img decoding=\"async\" src=\"https:\/\/mundialdoqueijodobrasil.com\/wp-content\/uploads\/elementor\/thumbs\/MaluMelo-rek0ixplvyodfhtk8cv4uciw1aqwh3ojlb6uaco8zs.webp\" title=\"MaluMelo\" alt=\"MaluMelo\" loading=\"lazy\" \/>\t\t\t\t\t\t\t\t\t\t\t<figcaption class=\"widget-image-caption wp-caption-text\">Malu Melo, Best Fondue in Brazil 2024<\/figcaption>\n\t\t\t\t\t\t\t\t\t\t<\/figure>\n\t\t\t\t\t\t\t\t\t<\/div>\n\t\t\t\t<\/div>\n\t\t\t\t<\/div>\n\t\t<div class=\"elementor-element elementor-element-b2b6184 e-flex e-con-boxed e-con e-parent\" data-id=\"b2b6184\" data-element_type=\"container\" data-e-type=\"container\">\n\t\t\t\t\t<div class=\"e-con-inner\">\n\t\t\t\t<div class=\"elementor-element elementor-element-79edff5 elementor-widget elementor-widget-heading\" data-id=\"79edff5\" data-element_type=\"widget\" data-e-type=\"widget\" data-widget_type=\"heading.default\">\n\t\t\t\t<div class=\"elementor-widget-container\">\n\t\t\t\t\t<h2 class=\"elementor-heading-title elementor-size-default\">Watch the video of the 3rd edition on the Sabor e Arte channel<\/h2>\t\t\t\t<\/div>\n\t\t\t\t<\/div>\n\t\t\t\t<div class=\"elementor-element elementor-element-399a4e4 elementor-widget elementor-widget-video\" data-id=\"399a4e4\" data-element_type=\"widget\" data-e-type=\"widget\" data-settings=\"{&quot;youtube_url&quot;:&quot;https:\\\/\\\/www.youtube.com\\\/watch?v=2VFAudrzAGk&quot;,&quot;video_type&quot;:&quot;youtube&quot;,&quot;controls&quot;:&quot;yes&quot;}\" data-widget_type=\"video.default\">\n\t\t\t\t<div class=\"elementor-widget-container\">\n\t\t\t\t\t\t\t<div class=\"elementor-wrapper elementor-open-inline\">\n\t\t\t<div class=\"elementor-video\"><\/div>\t\t<\/div>\n\t\t\t\t\t\t<\/div>\n\t\t\t\t<\/div>\n\t\t<div class=\"elementor-element elementor-element-5e4bff2 e-con-full e-flex e-con e-child\" data-id=\"5e4bff2\" data-element_type=\"container\" data-e-type=\"container\">\n\t\t\t\t<div class=\"elementor-element elementor-element-b4afe4e elementor-widget__width-initial elementor-widget elementor-widget-image\" data-id=\"b4afe4e\" data-element_type=\"widget\" data-e-type=\"widget\" data-widget_type=\"image.default\">\n\t\t\t\t<div class=\"elementor-widget-container\">\n\t\t\t\t\t\t\t\t\t\t\t\t<figure class=\"wp-caption\">\n\t\t\t\t\t\t\t\t\t\t\t<a href=\"https:\/\/www.cheese-tours.com\/\/index.php\" target=\"_blank\">\n\t\t\t\t\t\t\t<img decoding=\"async\" width=\"2284\" height=\"1166\" src=\"https:\/\/mundialdoqueijodobrasil.com\/wp-content\/uploads\/2026\/04\/mundial_tours-1.webp\" class=\"attachment-full size-full wp-image-95584\" alt=\"\" srcset=\"https:\/\/mundialdoqueijodobrasil.com\/wp-content\/uploads\/2026\/04\/mundial_tours-1.webp 2284w, https:\/\/mundialdoqueijodobrasil.com\/wp-content\/uploads\/2026\/04\/mundial_tours-1-300x153.webp 300w, https:\/\/mundialdoqueijodobrasil.com\/wp-content\/uploads\/2026\/04\/mundial_tours-1-1024x523.webp 1024w, https:\/\/mundialdoqueijodobrasil.com\/wp-content\/uploads\/2026\/04\/mundial_tours-1-768x392.webp 768w, https:\/\/mundialdoqueijodobrasil.com\/wp-content\/uploads\/2026\/04\/mundial_tours-1-1536x784.webp 1536w, https:\/\/mundialdoqueijodobrasil.com\/wp-content\/uploads\/2026\/04\/mundial_tours-1-2048x1046.webp 2048w, https:\/\/mundialdoqueijodobrasil.com\/wp-content\/uploads\/2026\/04\/mundial_tours-1-18x9.webp 18w, https:\/\/mundialdoqueijodobrasil.com\/wp-content\/uploads\/2026\/04\/mundial_tours-1-500x255.webp 500w, https:\/\/mundialdoqueijodobrasil.com\/wp-content\/uploads\/2026\/04\/mundial_tours-1-700x357.webp 700w\" sizes=\"(max-width: 2284px) 100vw, 2284px\" \/>\t\t\t\t\t\t\t\t<\/a>\n\t\t\t\t\t\t\t\t\t\t\t<figcaption class=\"widget-image-caption wp-caption-text\">The Mondial du Fromage de Tours is an official partner and sponsor of the World Cheese Championship in Brazil.<\/figcaption>\n\t\t\t\t\t\t\t\t\t\t<\/figure>\n\t\t\t\t\t\t\t\t\t<\/div>\n\t\t\t\t<\/div>\n\t\t\t\t<\/div>\n\t\t\t\t\t<\/div>\n\t\t\t\t<\/div>\n\t\t\t\t<\/div>","protected":false},"excerpt":{"rendered":"<p>Queijaria m\u00f3vel: venha por a m\u00e3o na massaCurso pr\u00e1ticos de queijo frescal e mu\u00e7arela para aprender o b\u00e1sico de forma divertidaInscreva-se Concurso de Melhor Fondue do BrasilO vencedor representa o [&hellip;]<\/p>\n","protected":false},"author":6,"featured_media":0,"parent":0,"menu_order":0,"comment_status":"closed","ping_status":"closed","template":"","meta":{"_price":"","_stock":"","_tribe_ticket_header":"","_tribe_default_ticket_provider":"","_tribe_ticket_capacity":"0","_ticket_start_date":"","_ticket_end_date":"","_tribe_ticket_show_description":"","_tribe_ticket_show_not_going":false,"_tribe_ticket_use_global_stock":"","_tribe_ticket_global_stock_level":"","_global_stock_mode":"","_global_stock_cap":"","_tribe_rsvp_for_event":"","_tribe_ticket_going_count":"","_tribe_ticket_not_going_count":"","_tribe_tickets_list":"[]","_tribe_ticket_has_attendee_info_fields":false,"footnotes":""},"class_list":["post-307","page","type-page","status-publish","hentry"],"_links":{"self":[{"href":"https:\/\/mundialdoqueijodobrasil.com\/en\/wp-json\/wp\/v2\/pages\/307","targetHints":{"allow":["GET"]}}],"collection":[{"href":"https:\/\/mundialdoqueijodobrasil.com\/en\/wp-json\/wp\/v2\/pages"}],"about":[{"href":"https:\/\/mundialdoqueijodobrasil.com\/en\/wp-json\/wp\/v2\/types\/page"}],"author":[{"embeddable":true,"href":"https:\/\/mundialdoqueijodobrasil.com\/en\/wp-json\/wp\/v2\/users\/6"}],"replies":[{"embeddable":true,"href":"https:\/\/mundialdoqueijodobrasil.com\/en\/wp-json\/wp\/v2\/comments?post=307"}],"version-history":[{"count":171,"href":"https:\/\/mundialdoqueijodobrasil.com\/en\/wp-json\/wp\/v2\/pages\/307\/revisions"}],"predecessor-version":[{"id":95928,"href":"https:\/\/mundialdoqueijodobrasil.com\/en\/wp-json\/wp\/v2\/pages\/307\/revisions\/95928"}],"wp:attachment":[{"href":"https:\/\/mundialdoqueijodobrasil.com\/en\/wp-json\/wp\/v2\/media?parent=307"}],"curies":[{"name":"wp","href":"https:\/\/api.w.org\/{rel}","templated":true}]}}