{"id":9446,"date":"2024-03-26T20:02:50","date_gmt":"2024-03-26T23:02:50","guid":{"rendered":"https:\/\/mundialdoqueijodobrasil.com\/produto\/producao-de-mucarela-artesanal-ao-vivo\/"},"modified":"2024-04-12T11:17:34","modified_gmt":"2024-04-12T14:17:34","slug":"producao-de-mucarela-artesanal-ao-vivo","status":"publish","type":"product","link":"https:\/\/mundialdoqueijodobrasil.com\/es\/evento\/producao-de-mucarela-artesanal-ao-vivo\/","title":{"rendered":"Produ\u00e7\u00e3o de Mu\u00e7arela Artesanal Ao Vivo"},"content":{"rendered":"","protected":false},"excerpt":{"rendered":"","protected":false},"featured_media":0,"template":"","meta":{"_price":"120","_stock":"6","_tribe_ticket_header":"","_tribe_default_ticket_provider":"","_tribe_ticket_capacity":"15","_ticket_start_date":"2024-03-26 00:00:00","_ticket_end_date":"2024-04-14 11:00:00","_tribe_ticket_show_description":"yes","_tribe_ticket_show_not_going":false,"_tribe_ticket_use_global_stock":"","_tribe_ticket_global_stock_level":"","_global_stock_mode":"own","_global_stock_cap":"","_tribe_rsvp_for_event":"","_tribe_ticket_going_count":"","_tribe_ticket_not_going_count":"","_tribe_tickets_list":"[]","_tribe_ticket_has_attendee_info_fields":false,"_tec_slr_enabled":"","_tec_slr_layout":""},"product_brand":[],"product_cat":[],"product_tag":[],"class_list":{"0":"post-9446","1":"product","2":"type-product","3":"status-publish","6":"first","7":"instock","8":"virtual","9":"purchasable","10":"product-type-simple"},"_links":{"self":[{"href":"https:\/\/mundialdoqueijodobrasil.com\/es\/wp-json\/wp\/v2\/product\/9446","targetHints":{"allow":["GET"]}}],"collection":[{"href":"https:\/\/mundialdoqueijodobrasil.com\/es\/wp-json\/wp\/v2\/product"}],"about":[{"href":"https:\/\/mundialdoqueijodobrasil.com\/es\/wp-json\/wp\/v2\/types\/product"}],"version-history":[{"count":0,"href":"https:\/\/mundialdoqueijodobrasil.com\/es\/wp-json\/wp\/v2\/product\/9446\/revisions"}],"wp:attachment":[{"href":"https:\/\/mundialdoqueijodobrasil.com\/es\/wp-json\/wp\/v2\/media?parent=9446"}],"wp:term":[{"taxonomy":"product_brand","embeddable":true,"href":"https:\/\/mundialdoqueijodobrasil.com\/es\/wp-json\/wp\/v2\/product_brand?post=9446"},{"taxonomy":"product_cat","embeddable":true,"href":"https:\/\/mundialdoqueijodobrasil.com\/es\/wp-json\/wp\/v2\/product_cat?post=9446"},{"taxonomy":"product_tag","embeddable":true,"href":"https:\/\/mundialdoqueijodobrasil.com\/es\/wp-json\/wp\/v2\/product_tag?post=9446"}],"curies":[{"name":"wp","href":"https:\/\/api.w.org\/{rel}","templated":true}]}}