{"id":13786,"date":"2024-05-13T11:54:30","date_gmt":"2024-05-13T14:54:30","guid":{"rendered":"https:\/\/mundialdoqueijodobrasil.com\/?page_id=13786"},"modified":"2024-07-11T12:50:48","modified_gmt":"2024-07-11T15:50:48","slug":"13786-2","status":"publish","type":"page","link":"https:\/\/mundialdoqueijodobrasil.com\/fr\/13786-2\/","title":{"rendered":"La meilleure fondue du Br\u00e9sil inclut de la cacha\u00e7a dans sa recette."},"content":{"rendered":"<figure class=\"wp-block-image aligncenter size-large is-resized\"><img fetchpriority=\"high\" decoding=\"async\" width=\"1024\" height=\"683\" src=\"https:\/\/mundialdoqueijodobrasil.com\/wp-content\/uploads\/2024\/05\/JW_5745-1024x683.webp\" alt=\"\" class=\"wp-image-13787\" style=\"width:565px;height:auto\" srcset=\"https:\/\/mundialdoqueijodobrasil.com\/wp-content\/uploads\/2024\/05\/JW_5745-1024x683.webp 1024w, https:\/\/mundialdoqueijodobrasil.com\/wp-content\/uploads\/2024\/05\/JW_5745-300x200.webp 300w, https:\/\/mundialdoqueijodobrasil.com\/wp-content\/uploads\/2024\/05\/JW_5745-768x512.webp 768w, https:\/\/mundialdoqueijodobrasil.com\/wp-content\/uploads\/2024\/05\/JW_5745-1536x1024.webp 1536w, https:\/\/mundialdoqueijodobrasil.com\/wp-content\/uploads\/2024\/05\/JW_5745-2048x1365.webp 2048w, https:\/\/mundialdoqueijodobrasil.com\/wp-content\/uploads\/2024\/05\/JW_5745-500x333.webp 500w, https:\/\/mundialdoqueijodobrasil.com\/wp-content\/uploads\/2024\/05\/JW_5745-700x467.webp 700w\" sizes=\"(max-width: 1024px) 100vw, 1024px\" \/><\/figure>\n\n\n\n<div class=\"wp-block-group is-vertical is-layout-flex wp-container-core-group-is-layout-fe9cc265 wp-block-group-is-layout-flex\"><\/div>\n\n\n\n<p><\/p>\n\n\n\n<div class=\"wp-block-group is-vertical is-layout-flex wp-container-core-group-is-layout-fe9cc265 wp-block-group-is-layout-flex\">\n<p>La deuxi\u00e8me \u00e9dition du concours de la Meilleure Fondue du Br\u00e9sil a r\u00e9uni six participants : Rafael Marques, Luiz Fernando Coutinho, Raquel Chap Chap, Malu Mello, Dudu Prado et Camila Almeida. Ils ont \u00e9t\u00e9 \u00e9valu\u00e9s par huit juges exp\u00e9riment\u00e9s : le chef Lino, Clara Gaehwiler, Danni Symon, Fred Sabag, Marcos Nogueira, Rosa Moraes, Rosana Radecki et Dominique Bouchait.<\/p>\n\n\n\n<p>Les r\u00e9sultats du concours ont \u00e9t\u00e9 annonc\u00e9s le soir du 12 avril, lors d&#039;un \u00e9v\u00e9nement au Pal\u00e1cio dos Bandeirantes, d\u00e9signant le chef Malu Mello comme grand vainqueur.<\/p>\n\n\n\n<p>Dans cette recette, la cheffe a cherch\u00e9 \u00e0 mettre en valeur ses origines en utilisant des produits de petits producteurs et en valorisant son terroir, avec la cacha\u00e7a Magnifica.<\/p>\n\n\n\n<p>Malu a gagn\u00e9 un voyage en Suisse, o\u00f9 elle repr\u00e9sentera le Br\u00e9sil au Championnat du monde de fondue en 2025.<\/p>\n\n\n\n<p>C&#039;est la premi\u00e8re fois que le concours de la meilleure fondue du Br\u00e9sil se d\u00e9roule pendant les World Cheese Awards au Br\u00e9sil, et cette ann\u00e9e, il a lieu dans le m\u00eame espace que la foire des producteurs, \u00e0 l&#039;ext\u00e9rieur du th\u00e9\u00e2tre B32 sur l&#039;avenue Faria Lima \u00e0 S\u00e3o Paulo.<\/p>\n<\/div>","protected":false},"excerpt":{"rendered":"<p>A ganhadora do concurso de &#8220;Melhor Fondue do Brasil&#8221; buscou valorizar suas origens utilizando produtos dos pequenos produtores na receita.<\/p>","protected":false},"author":772,"featured_media":13787,"parent":0,"menu_order":0,"comment_status":"closed","ping_status":"closed","template":"","meta":{"_price":"","_stock":"","_tribe_ticket_header":"","_tribe_default_ticket_provider":"","_tribe_ticket_capacity":"0","_ticket_start_date":"","_ticket_end_date":"","_tribe_ticket_show_description":"","_tribe_ticket_show_not_going":false,"_tribe_ticket_use_global_stock":"","_tribe_ticket_global_stock_level":"","_global_stock_mode":"","_global_stock_cap":"","_tribe_rsvp_for_event":"","_tribe_ticket_going_count":"","_tribe_ticket_not_going_count":"","_tribe_tickets_list":"[]","_tribe_ticket_has_attendee_info_fields":false,"footnotes":""},"class_list":["post-13786","page","type-page","status-publish","has-post-thumbnail","hentry"],"_links":{"self":[{"href":"https:\/\/mundialdoqueijodobrasil.com\/fr\/wp-json\/wp\/v2\/pages\/13786","targetHints":{"allow":["GET"]}}],"collection":[{"href":"https:\/\/mundialdoqueijodobrasil.com\/fr\/wp-json\/wp\/v2\/pages"}],"about":[{"href":"https:\/\/mundialdoqueijodobrasil.com\/fr\/wp-json\/wp\/v2\/types\/page"}],"author":[{"embeddable":true,"href":"https:\/\/mundialdoqueijodobrasil.com\/fr\/wp-json\/wp\/v2\/users\/772"}],"replies":[{"embeddable":true,"href":"https:\/\/mundialdoqueijodobrasil.com\/fr\/wp-json\/wp\/v2\/comments?post=13786"}],"version-history":[{"count":0,"href":"https:\/\/mundialdoqueijodobrasil.com\/fr\/wp-json\/wp\/v2\/pages\/13786\/revisions"}],"wp:featuredmedia":[{"embeddable":true,"href":"https:\/\/mundialdoqueijodobrasil.com\/fr\/wp-json\/wp\/v2\/media\/13787"}],"wp:attachment":[{"href":"https:\/\/mundialdoqueijodobrasil.com\/fr\/wp-json\/wp\/v2\/media?parent=13786"}],"curies":[{"name":"wp","href":"https:\/\/api.w.org\/{rel}","templated":true}]}}