{"id":307,"date":"2021-05-20T13:19:59","date_gmt":"2021-05-20T16:19:59","guid":{"rendered":"https:\/\/mundialdoqueijodobrasil.com\/?page_id=307"},"modified":"2026-05-01T14:27:56","modified_gmt":"2026-05-01T17:27:56","slug":"landing-page-2","status":"publish","type":"page","link":"https:\/\/mundialdoqueijodobrasil.com\/fr\/","title":{"rendered":"Page d&#039;accueil"},"content":{"rendered":"<div data-elementor-type=\"wp-page\" data-elementor-id=\"307\" class=\"elementor elementor-307\" data-elementor-post-type=\"page\">\n\t\t\t\t<div class=\"elementor-element elementor-element-b69bfca e-flex e-con-boxed e-con e-parent\" data-id=\"b69bfca\" data-element_type=\"container\" data-e-type=\"container\" data-settings=\"{&quot;background_background&quot;:&quot;slideshow&quot;,&quot;background_slideshow_gallery&quot;:[],&quot;background_slideshow_loop&quot;:&quot;yes&quot;,&quot;background_slideshow_slide_duration&quot;:5000,&quot;background_slideshow_slide_transition&quot;:&quot;fade&quot;,&quot;background_slideshow_transition_duration&quot;:500}\">\n\t\t\t\t\t<div class=\"e-con-inner\">\n\t\t\t\t<div class=\"elementor-element elementor-element-a116665 elementor-widget elementor-widget-image\" data-id=\"a116665\" data-element_type=\"widget\" data-e-type=\"widget\" data-widget_type=\"image.default\">\n\t\t\t\t<div class=\"elementor-widget-container\">\n\t\t\t\t\t\t\t\t\t\t\t\t<figure class=\"wp-caption\">\n\t\t\t\t\t\t\t\t\t\t\t<a href=\"https:\/\/mundialdoqueijodobrasil.com\/fr\/form-inscricao-4-mundial\/\">\n\t\t\t\t\t\t\t<img fetchpriority=\"high\" decoding=\"async\" width=\"1920\" height=\"411\" src=\"https:\/\/mundialdoqueijodobrasil.com\/wp-content\/uploads\/2026\/01\/cab.webp\" class=\"attachment-full size-full wp-image-94353\" alt=\"\" srcset=\"https:\/\/mundialdoqueijodobrasil.com\/wp-content\/uploads\/2026\/01\/cab.webp 1920w, https:\/\/mundialdoqueijodobrasil.com\/wp-content\/uploads\/2026\/01\/cab-300x64.webp 300w, https:\/\/mundialdoqueijodobrasil.com\/wp-content\/uploads\/2026\/01\/cab-1024x219.webp 1024w, https:\/\/mundialdoqueijodobrasil.com\/wp-content\/uploads\/2026\/01\/cab-768x164.webp 768w, https:\/\/mundialdoqueijodobrasil.com\/wp-content\/uploads\/2026\/01\/cab-1536x329.webp 1536w, https:\/\/mundialdoqueijodobrasil.com\/wp-content\/uploads\/2026\/01\/cab-18x4.webp 18w, https:\/\/mundialdoqueijodobrasil.com\/wp-content\/uploads\/2026\/01\/cab-500x107.webp 500w, https:\/\/mundialdoqueijodobrasil.com\/wp-content\/uploads\/2026\/01\/cab-700x150.webp 700w\" sizes=\"(max-width: 1920px) 100vw, 1920px\" \/>\t\t\t\t\t\t\t\t<\/a>\n\t\t\t\t\t\t\t\t\t\t\t<figcaption class=\"widget-image-caption wp-caption-text\"><\/figcaption>\n\t\t\t\t\t\t\t\t\t\t<\/figure>\n\t\t\t\t\t\t\t\t\t<\/div>\n\t\t\t\t<\/div>\n\t\t\t\t<div class=\"elementor-element elementor-element-c867cad elementor-widget elementor-widget-text-editor\" data-id=\"c867cad\" data-element_type=\"widget\" data-e-type=\"widget\" data-widget_type=\"text-editor.default\">\n\t\t\t\t<div class=\"elementor-widget-container\">\n\t\t\t\t\t\t\t\t\t<h4 style=\"text-align: center;\"><strong>R\u00e9sultats du concours de fromages et de produits laitiers\u00a0:<br \/><\/strong><strong> <a href=\"https:\/\/mundialdoqueijodobrasil.com\/wp-content\/uploads\/2026\/04\/RESULTADO-CAMPEOES.pdf\">champions<\/a> \u2013 <a href=\"https:\/\/mundialdoqueijodobrasil.com\/wp-content\/uploads\/2026\/04\/RESULTADO-SUPEROURO.pdf\">super or<\/a> \u2013 <a href=\"https:\/\/mundialdoqueijodobrasil.com\/wp-content\/uploads\/2026\/04\/RESULTADOS-OURO.pdf\">or<\/a> \u2013 <a href=\"https:\/\/mundialdoqueijodobrasil.com\/wp-content\/uploads\/2026\/04\/RESULTADO-PRATA_retificado-260426.pdf\" target=\"_blank\" rel=\"noopener\">argent<\/a> \u2013 <a href=\"https:\/\/mundialdoqueijodobrasil.com\/wp-content\/uploads\/2026\/04\/RESULTADOS-BRONZE.pdf\">bronze<\/a><\/strong><\/h4>\t\t\t\t\t\t\t\t<\/div>\n\t\t\t\t<\/div>\n\t\t\t\t<div class=\"elementor-element elementor-element-fe2290c elementor--h-position-center elementor--v-position-middle elementor-arrows-position-inside elementor-pagination-position-inside elementor-widget elementor-widget-slides\" data-id=\"fe2290c\" data-element_type=\"widget\" data-e-type=\"widget\" data-settings=\"{&quot;autoplay_speed&quot;:7001,&quot;transition_speed&quot;:499,&quot;navigation&quot;:&quot;both&quot;,&quot;autoplay&quot;:&quot;yes&quot;,&quot;pause_on_hover&quot;:&quot;yes&quot;,&quot;pause_on_interaction&quot;:&quot;yes&quot;,&quot;infinite&quot;:&quot;yes&quot;,&quot;transition&quot;:&quot;slide&quot;}\" data-widget_type=\"slides.default\">\n\t\t\t\t<div class=\"elementor-widget-container\">\n\t\t\t\t\t\t\t\t\t<div class=\"elementor-swiper\">\n\t\t\t\t\t<div class=\"elementor-slides-wrapper elementor-main-swiper swiper\" role=\"region\" aria-roledescription=\"carousel\" aria-label=\"Diapositives\" dir=\"ltr\" data-animation=\"fadeInUp\">\n\t\t\t\t<div class=\"swiper-wrapper elementor-slides\">\n\t\t\t\t\t\t\t\t\t\t<div class=\"elementor-repeater-item-41a7b2c swiper-slide\" role=\"group\" aria-roledescription=\"slide\"><div class=\"swiper-slide-bg elementor-ken-burns elementor-ken-burns--in\" role=\"img\" aria-label=\"podium \u00e0 fondue (1)\"><\/div><div class=\"elementor-background-overlay\"><\/div><a class=\"swiper-slide-inner\" href=\"https:\/\/mundialdoqueijodobrasil.com\/fr\/2-concurso-de-melhor-fondue-do-brasil\/\"><div class=\"swiper-slide-contents\"><div class=\"elementor-slide-heading\">Concours de la meilleure fondue du Br\u00e9sil<\/div><div class=\"elementor-slide-description\">Raquel Chapchap repr\u00e9sentera le Br\u00e9sil au concours de la meilleure fondue en Suisse en 2027.<\/div><div  class=\"elementor-button elementor-slide-button elementor-size-sm\">D\u00e9couvrez tous les gagnants<\/div><\/div><\/a><\/div><div class=\"elementor-repeater-item-0c16bf1 swiper-slide\" role=\"group\" aria-roledescription=\"slide\"><div class=\"swiper-slide-bg elementor-ken-burns elementor-ken-burns--in\" role=\"img\" aria-label=\"kennidy\"><\/div><div class=\"elementor-background-overlay\"><\/div><a class=\"swiper-slide-inner\" href=\"https:\/\/mundialdoqueijodobrasil.com\/fr\/feira-de-queijos-e-alimentos-de-origem\/\"><div class=\"swiper-slide-contents\"><div class=\"elementor-slide-heading\">3e concours du meilleur fromager du Br\u00e9sil<\/div><div class=\"elementor-slide-description\">Kennidy de Bortoli et ses assistantes Nayara Scherpinski et Isabelli dos Passos ont remis le prix \u00e0 Queijaria Flor da Terra.<\/div><div  class=\"elementor-button elementor-slide-button elementor-size-sm\">D\u00e9couvrez les gagnants<\/div><\/div><\/a><\/div><div class=\"elementor-repeater-item-c0cfbf4 swiper-slide\" role=\"group\" aria-roledescription=\"slide\"><div class=\"swiper-slide-bg elementor-ken-burns elementor-ken-burns--in\" role=\"img\" aria-label=\"deboraqueijista\"><\/div><div class=\"elementor-background-overlay\"><\/div><a class=\"swiper-slide-inner\" href=\"https:\/\/mundialdoqueijodobrasil.com\/fr\/concursoqueijista\/\"><div class=\"swiper-slide-contents\"><div class=\"elementor-slide-heading\">3e concours du meilleur fromager du Br\u00e9sil<\/div><div class=\"elementor-slide-description\">1\u00e8re place : D\u00e9bora Martins Ferraz de Campos \u2013 Cave 381 \u2013 S\u00e3o Paulo<\/div><div  class=\"elementor-button elementor-slide-button elementor-size-sm\">D\u00e9couvrez les gagnants<\/div><\/div><\/a><\/div>\t\t\t\t<\/div>\n\t\t\t\t\t\t\t\t\t\t\t\t\t\t\t<div class=\"elementor-swiper-button elementor-swiper-button-prev\" role=\"button\" tabindex=\"0\" aria-label=\"Diapositive pr\u00e9c\u00e9dente\" data-no-translation-aria-label=\"\">\n\t\t\t\t\t\t\t<svg aria-hidden=\"true\" class=\"e-font-icon-svg e-eicon-chevron-left\" viewbox=\"0 0 1000 1000\" xmlns=\"http:\/\/www.w3.org\/2000\/svg\"><path d=\"M646 125C629 125 613 133 604 142L308 442C296 454 292 471 292 487 292 504 296 521 308 533L604 854C617 867 629 875 646 875 663 875 679 871 692 858 704 846 713 829 713 812 713 796 708 779 692 767L438 487 692 225C700 217 708 204 708 187 708 171 704 154 692 142 675 129 663 125 646 125Z\"><\/path><\/svg>\t\t\t\t\t\t<\/div>\n\t\t\t\t\t\t<div class=\"elementor-swiper-button elementor-swiper-button-next\" role=\"button\" tabindex=\"0\" aria-label=\"Diapositive suivante\" data-no-translation-aria-label=\"\">\n\t\t\t\t\t\t\t<svg aria-hidden=\"true\" class=\"e-font-icon-svg e-eicon-chevron-right\" viewbox=\"0 0 1000 1000\" xmlns=\"http:\/\/www.w3.org\/2000\/svg\"><path d=\"M696 533C708 521 713 504 713 487 713 471 708 454 696 446L400 146C388 133 375 125 354 125 338 125 325 129 313 142 300 154 292 171 292 187 292 204 296 221 308 233L563 492 304 771C292 783 288 800 288 817 288 833 296 850 308 863 321 871 338 875 354 875 371 875 388 867 400 854L696 533Z\"><\/path><\/svg>\t\t\t\t\t\t<\/div>\n\t\t\t\t\t\t\t\t\t\t\t\t\t\t\t\t<div class=\"swiper-pagination\"><\/div>\n\t\t\t\t\t\t\t\t\t\t\t\t<\/div>\n\t\t\t\t<\/div>\n\t\t\t\t\t\t\t\t<\/div>\n\t\t\t\t<\/div>\n\t\t\t\t\t<\/div>\n\t\t\t\t<\/div>\n\t\t<div class=\"elementor-element elementor-element-3adde979 e-flex e-con-boxed e-con e-parent\" data-id=\"3adde979\" data-element_type=\"container\" data-e-type=\"container\" data-settings=\"{&quot;background_background&quot;:&quot;classic&quot;}\">\n\t\t\t\t\t<div class=\"e-con-inner\">\n\t\t\t\t<div class=\"elementor-element elementor-element-c95c149 elementor-widget elementor-widget-menu-anchor\" data-id=\"c95c149\" data-element_type=\"widget\" data-e-type=\"widget\" data-widget_type=\"menu-anchor.default\">\n\t\t\t\t<div class=\"elementor-widget-container\">\n\t\t\t\t\t\t\t<div class=\"elementor-menu-anchor\" id=\"sobre\"><\/div>\n\t\t\t\t\t\t<\/div>\n\t\t\t\t<\/div>\n\t\t<div class=\"elementor-element elementor-element-79d0ccb e-con-full e-flex e-con e-child\" data-id=\"79d0ccb\" data-element_type=\"container\" data-e-type=\"container\">\n\t\t<div class=\"elementor-element elementor-element-6e6b652 e-con-full e-grid e-con e-child\" data-id=\"6e6b652\" data-element_type=\"container\" data-e-type=\"container\">\n\t\t\t\t<div class=\"elementor-element elementor-element-bce9dc2 elementor-widget elementor-widget-text-editor\" data-id=\"bce9dc2\" data-element_type=\"widget\" data-e-type=\"widget\" data-widget_type=\"text-editor.default\">\n\t\t\t\t<div class=\"elementor-widget-container\">\n\t\t\t\t\t\t\t\t\t<p>Le 4e Championnat du monde br\u00e9silien de fromage a eu lieu \u00e0 partir de <b>Du 16 au 19 avril 2026, au Teatro B32<\/b>, <strong>S\u00e3o Paulo-SP<\/strong>. Le programme, destin\u00e9 aux professionnels et aux consommateurs finaux, a \u00e9t\u00e9 d\u00e9velopp\u00e9 par un\u00a0<strong><a href=\"https:\/\/mundialdoqueijodobrasil.com\/fr\/quem-faz\/\">\u00e9quipe <\/a><\/strong>enthousiaste et passionn\u00e9e par le fromage.<\/p><p>A <strong>March\u00e9 aux fromages et produits locaux<\/strong>\u00a0<span class=\"OYPEnA font-feature-liga-off font-feature-clig-off font-feature-calt-off text-decoration-none text-strikethrough-none\">C&#039;\u00e9tait dans l&#039;espace ext\u00e9rieur du th\u00e9\u00e2tre B32.,<\/span>\u00a0<strong>avec un acc\u00e8s libre au public<\/strong>. Une centaine de producteurs venus de tout le Br\u00e9sil ont vendu leurs produits directement de leur ferme.<\/p><p>\u00c0 l&#039;int\u00e9rieur du th\u00e9\u00e2tre, quatre concours ont ravi les participants\u00a0:<\/p><ul><li><a href=\"https:\/\/mundialdoqueijodobrasil.com\/fr\/concursoqueijos\/\" target=\"_blank\" rel=\"noopener\"><b><u>4e Concours des fromages et des produits laitiers ;<\/u><\/b><\/a><\/li><li><a href=\"https:\/\/mundialdoqueijodobrasil.com\/fr\/concursoqueijeiro\/\" target=\"_blank\" rel=\"noopener\"><b><u>3e concours du meilleur fromager du Br\u00e9sil ;<\/u><\/b><\/a><\/li><li><a href=\"https:\/\/mundialdoqueijodobrasil.com\/fr\/concursoqueijista\/\" target=\"_blank\" rel=\"noopener noreferrer\"><b><u>3e concours du meilleur fromager du Br\u00e9sil ;<\/u><\/b><\/a><\/li><li><b><a href=\"https:\/\/mundialdoqueijodobrasil.com\/fr\/2-concurso-de-melhor-fondue-do-brasil\/\" target=\"_blank\" rel=\"noopener noreferrer\"><u>3e meilleur concours de fondue au Br\u00e9sil.<\/u><\/a><\/b><\/li><\/ul><p>Dans les espaces de coworking du Th\u00e9\u00e2tre (accessibles par l&#039;escalier situ\u00e9 \u00e0 c\u00f4t\u00e9 de la Baleine),<a href=\"https:\/\/mundialdoqueijodobrasil.com\/fr\/inscricoes-para-o-programa-via-lactea\/\"><strong> Programme Voie lact\u00e9e<\/strong><\/a> rassembl\u00e9 <strong>Conf\u00e9rences<\/strong> e <strong>Tourn\u00e9e d&#039;affaires<\/strong>.<\/p><p>Depuis 2019, <strong>Championnat du monde du fromage du Br\u00e9sil<\/strong> Il s&#039;est impos\u00e9 comme l&#039;\u00e9v\u00e9nement incontournable pour les acteurs de la fili\u00e8re fromag\u00e8re et laiti\u00e8re\u00a0: affineurs, producteurs laitiers, distributeurs, fabricants de mat\u00e9riel, fournisseurs et chefs cuisiniers.\u00a0<br \/>La 5e \u00e9dition devrait se d\u00e9rouler au m\u00eame endroit, le Teatro B32, du 13 au 16 avril 2028.<\/p>\t\t\t\t\t\t\t\t<\/div>\n\t\t\t\t<\/div>\n\t\t\t\t<div class=\"elementor-element elementor-element-600f770 elementor-widget elementor-widget-image\" data-id=\"600f770\" data-element_type=\"widget\" data-e-type=\"widget\" data-widget_type=\"image.default\">\n\t\t\t\t<div class=\"elementor-widget-container\">\n\t\t\t\t\t\t\t\t\t\t\t\t\t\t\t<img decoding=\"async\" src=\"https:\/\/mundialdoqueijodobrasil.com\/wp-content\/uploads\/elementor\/thumbs\/5-TEATRO_B32_CERIMONIA-6364-scaled-1-r0rs6627c3g4p43rs68seu0g0pu3udkkujeqf7pb28.webp\" title=\"5-THEATRO_B32_CERIMONIA-6364-scaled-1.webp\" alt=\"5-TEATRO_B32_CERIMONIA-6364-scaled-1.webp\" loading=\"lazy\" \/>\t\t\t\t\t\t\t\t\t\t\t\t\t\t\t<\/div>\n\t\t\t\t<\/div>\n\t\t\t\t<\/div>\n\t\t\t\t<\/div>\n\t\t\t\t\t<\/div>\n\t\t\t\t<\/div>\n\t\t<div class=\"elementor-element elementor-element-77e4947 e-grid e-con-full e-con e-parent\" data-id=\"77e4947\" data-element_type=\"container\" data-e-type=\"container\">\n\t\t\t\t<div class=\"elementor-element elementor-element-4b2de6e elementor-widget elementor-widget-image\" data-id=\"4b2de6e\" data-element_type=\"widget\" data-e-type=\"widget\" data-widget_type=\"image.default\">\n\t\t\t\t<div class=\"elementor-widget-container\">\n\t\t\t\t\t\t\t\t\t\t\t\t<figure class=\"wp-caption\">\n\t\t\t\t\t\t\t\t\t\t<img decoding=\"async\" src=\"https:\/\/mundialdoqueijodobrasil.com\/wp-content\/uploads\/elementor\/thumbs\/melhorqueijo-rmtpe1uegm4db21g42ofw4bzaq12ejlllumtoouoto.webp\" title=\"bestcheese\" alt=\"melhorqueijo\" loading=\"lazy\" \/>\t\t\t\t\t\t\t\t\t\t\t<figcaption class=\"widget-image-caption wp-caption-text\">Le fromage Reserva do Lago, de la fromagerie Possamai, a remport\u00e9 le titre de Meilleur Fromage.<\/figcaption>\n\t\t\t\t\t\t\t\t\t\t<\/figure>\n\t\t\t\t\t\t\t\t\t<\/div>\n\t\t\t\t<\/div>\n\t\t\t\t<div class=\"elementor-element elementor-element-a6d0626 elementor-widget elementor-widget-image\" data-id=\"a6d0626\" data-element_type=\"widget\" data-e-type=\"widget\" data-widget_type=\"image.default\">\n\t\t\t\t<div class=\"elementor-widget-container\">\n\t\t\t\t\t\t\t\t\t\t\t\t<figure class=\"wp-caption\">\n\t\t\t\t\t\t\t\t\t\t<img decoding=\"async\" src=\"https:\/\/mundialdoqueijodobrasil.com\/wp-content\/uploads\/elementor\/thumbs\/raquelcattani26-rmtr9oce5ip0l3t78b06a1ztuopq6m2e8kaencl164.webp\" title=\"raquelcattani26\" alt=\"raquelcattani26\" loading=\"lazy\" \/>\t\t\t\t\t\t\t\t\t\t\t<figcaption class=\"widget-image-caption wp-caption-text\">Guacuri Cheese de Marina Laghi Tosi, Meilleur fromage artisanal fabriqu\u00e9 par une femme \u00e0 la ferme - Prix Raquel Cattani<\/figcaption>\n\t\t\t\t\t\t\t\t\t\t<\/figure>\n\t\t\t\t\t\t\t\t\t<\/div>\n\t\t\t\t<\/div>\n\t\t\t\t<div class=\"elementor-element elementor-element-8d09c7c elementor-widget elementor-widget-image\" data-id=\"8d09c7c\" data-element_type=\"widget\" data-e-type=\"widget\" data-widget_type=\"image.default\">\n\t\t\t\t<div class=\"elementor-widget-container\">\n\t\t\t\t\t\t\t\t\t\t\t\t<figure class=\"wp-caption\">\n\t\t\t\t\t\t\t\t\t\t<img decoding=\"async\" src=\"https:\/\/mundialdoqueijodobrasil.com\/wp-content\/uploads\/elementor\/thumbs\/melhorqueijeiro-rmtq11y7pnlzfimksimretd2n6nfrvx4fpdlhgqujw.webp\" title=\"meilleur fromager\" alt=\"melhorqueijeiro\" loading=\"lazy\" \/>\t\t\t\t\t\t\t\t\t\t\t<figcaption class=\"widget-image-caption wp-caption-text\">Kennidy de Bortolim, Meilleur fromager du Br\u00e9sil 2026, de Queijaria Flor da Terra, Tol\u00e8de (PR)<\/figcaption>\n\t\t\t\t\t\t\t\t\t\t<\/figure>\n\t\t\t\t\t\t\t\t\t<\/div>\n\t\t\t\t<\/div>\n\t\t\t\t<div class=\"elementor-element elementor-element-6d54cef elementor-widget elementor-widget-image\" data-id=\"6d54cef\" data-element_type=\"widget\" data-e-type=\"widget\" data-widget_type=\"image.default\">\n\t\t\t\t<div class=\"elementor-widget-container\">\n\t\t\t\t\t\t\t\t\t\t\t\t<figure class=\"wp-caption\">\n\t\t\t\t\t\t\t\t\t\t<img decoding=\"async\" src=\"https:\/\/mundialdoqueijodobrasil.com\/wp-content\/uploads\/elementor\/thumbs\/melhorqueijista-rmtpengotsxyq361lu0uzgvkyl2ibkzfctmzq1ymuk.webp\" title=\"meilleur fromager\" alt=\"melhorqueijista\" loading=\"lazy\" \/>\t\t\t\t\t\t\t\t\t\t\t<figcaption class=\"widget-image-caption wp-caption-text\">D\u00e9bora Martins, Meilleure Fromag\u00e8re du Br\u00e9sil 2026, de Cave 381, S\u00e3o Paulo (SP)<\/figcaption>\n\t\t\t\t\t\t\t\t\t\t<\/figure>\n\t\t\t\t\t\t\t\t\t<\/div>\n\t\t\t\t<\/div>\n\t\t\t\t<div class=\"elementor-element elementor-element-041393f elementor-widget elementor-widget-image\" data-id=\"041393f\" data-element_type=\"widget\" data-e-type=\"widget\" data-widget_type=\"image.default\">\n\t\t\t\t<div class=\"elementor-widget-container\">\n\t\t\t\t\t\t\t\t\t\t\t\t<figure class=\"wp-caption\">\n\t\t\t\t\t\t\t\t\t\t<img decoding=\"async\" src=\"https:\/\/mundialdoqueijodobrasil.com\/wp-content\/uploads\/elementor\/thumbs\/melhorfondue-rmtpec6mjsiiurmffp5c5jq1tym3r7qnb9t5yqfcx8.webp\" title=\"meilleure fondue\" alt=\"melhorfondue\" loading=\"lazy\" \/>\t\t\t\t\t\t\t\t\t\t\t<figcaption class=\"widget-image-caption wp-caption-text\">Raquel Chapchap, Meilleure Fondue du Br\u00e9sil 2026<\/figcaption>\n\t\t\t\t\t\t\t\t\t\t<\/figure>\n\t\t\t\t\t\t\t\t\t<\/div>\n\t\t\t\t<\/div>\n\t\t\t\t<\/div>\n\t\t<div class=\"elementor-element elementor-element-b2b6184 e-flex e-con-boxed e-con e-parent\" data-id=\"b2b6184\" data-element_type=\"container\" data-e-type=\"container\">\n\t\t\t\t\t<div class=\"e-con-inner\">\n\t\t<div class=\"elementor-element elementor-element-5e4bff2 e-con-full e-flex e-con e-child\" data-id=\"5e4bff2\" data-element_type=\"container\" data-e-type=\"container\">\n\t\t\t\t<div class=\"elementor-element elementor-element-b4afe4e elementor-widget__width-initial elementor-widget elementor-widget-image\" data-id=\"b4afe4e\" data-element_type=\"widget\" data-e-type=\"widget\" data-widget_type=\"image.default\">\n\t\t\t\t<div class=\"elementor-widget-container\">\n\t\t\t\t\t\t\t\t\t\t\t\t<figure class=\"wp-caption\">\n\t\t\t\t\t\t\t\t\t\t\t<a href=\"https:\/\/www.cheese-tours.com\/\/index.php\" target=\"_blank\">\n\t\t\t\t\t\t\t<img decoding=\"async\" width=\"2284\" height=\"1166\" src=\"https:\/\/mundialdoqueijodobrasil.com\/wp-content\/uploads\/2026\/04\/mundial_tours-1.webp\" class=\"attachment-full size-full wp-image-95584\" alt=\"\" srcset=\"https:\/\/mundialdoqueijodobrasil.com\/wp-content\/uploads\/2026\/04\/mundial_tours-1.webp 2284w, https:\/\/mundialdoqueijodobrasil.com\/wp-content\/uploads\/2026\/04\/mundial_tours-1-300x153.webp 300w, https:\/\/mundialdoqueijodobrasil.com\/wp-content\/uploads\/2026\/04\/mundial_tours-1-1024x523.webp 1024w, https:\/\/mundialdoqueijodobrasil.com\/wp-content\/uploads\/2026\/04\/mundial_tours-1-768x392.webp 768w, https:\/\/mundialdoqueijodobrasil.com\/wp-content\/uploads\/2026\/04\/mundial_tours-1-1536x784.webp 1536w, https:\/\/mundialdoqueijodobrasil.com\/wp-content\/uploads\/2026\/04\/mundial_tours-1-2048x1046.webp 2048w, https:\/\/mundialdoqueijodobrasil.com\/wp-content\/uploads\/2026\/04\/mundial_tours-1-18x9.webp 18w, https:\/\/mundialdoqueijodobrasil.com\/wp-content\/uploads\/2026\/04\/mundial_tours-1-500x255.webp 500w, https:\/\/mundialdoqueijodobrasil.com\/wp-content\/uploads\/2026\/04\/mundial_tours-1-700x357.webp 700w\" sizes=\"(max-width: 2284px) 100vw, 2284px\" \/>\t\t\t\t\t\t\t\t<\/a>\n\t\t\t\t\t\t\t\t\t\t\t<figcaption class=\"widget-image-caption wp-caption-text\">Le Mondial du Fromage de Tours est partenaire et sponsor officiel du Championnat du monde des fromages au Br\u00e9sil.<\/figcaption>\n\t\t\t\t\t\t\t\t\t\t<\/figure>\n\t\t\t\t\t\t\t\t\t<\/div>\n\t\t\t\t<\/div>\n\t\t\t\t<\/div>\n\t\t\t\t\t<\/div>\n\t\t\t\t<\/div>\n\t\t\t\t<\/div>","protected":false},"excerpt":{"rendered":"<p>Resultados do concurso de queijos e produtos l\u00e1cteos: campe\u00f5es &#8211; super ouro &#8211; ouro &#8211; prata &#8211; bronze Concurso de Melhor Fondue do BrasilRaquel Chapchap vai representar o Brasil no [&hellip;]<\/p>\n","protected":false},"author":6,"featured_media":0,"parent":0,"menu_order":0,"comment_status":"closed","ping_status":"closed","template":"","meta":{"_price":"","_stock":"","_tribe_ticket_header":"","_tribe_default_ticket_provider":"","_tribe_ticket_capacity":"0","_ticket_start_date":"","_ticket_end_date":"","_tribe_ticket_show_description":"","_tribe_ticket_show_not_going":false,"_tribe_ticket_use_global_stock":"","_tribe_ticket_global_stock_level":"","_global_stock_mode":"","_global_stock_cap":"","_tribe_rsvp_for_event":"","_tribe_ticket_going_count":"","_tribe_ticket_not_going_count":"","_tribe_tickets_list":"[]","_tribe_ticket_has_attendee_info_fields":false,"footnotes":""},"class_list":["post-307","page","type-page","status-publish","hentry"],"_links":{"self":[{"href":"https:\/\/mundialdoqueijodobrasil.com\/fr\/wp-json\/wp\/v2\/pages\/307","targetHints":{"allow":["GET"]}}],"collection":[{"href":"https:\/\/mundialdoqueijodobrasil.com\/fr\/wp-json\/wp\/v2\/pages"}],"about":[{"href":"https:\/\/mundialdoqueijodobrasil.com\/fr\/wp-json\/wp\/v2\/types\/page"}],"author":[{"embeddable":true,"href":"https:\/\/mundialdoqueijodobrasil.com\/fr\/wp-json\/wp\/v2\/users\/6"}],"replies":[{"embeddable":true,"href":"https:\/\/mundialdoqueijodobrasil.com\/fr\/wp-json\/wp\/v2\/comments?post=307"}],"version-history":[{"count":219,"href":"https:\/\/mundialdoqueijodobrasil.com\/fr\/wp-json\/wp\/v2\/pages\/307\/revisions"}],"predecessor-version":[{"id":96123,"href":"https:\/\/mundialdoqueijodobrasil.com\/fr\/wp-json\/wp\/v2\/pages\/307\/revisions\/96123"}],"wp:attachment":[{"href":"https:\/\/mundialdoqueijodobrasil.com\/fr\/wp-json\/wp\/v2\/media?parent=307"}],"curies":[{"name":"wp","href":"https:\/\/api.w.org\/{rel}","templated":true}]}}