{"id":1461,"date":"2019-04-01T11:52:10","date_gmt":"2019-04-01T14:52:10","guid":{"rendered":"https:\/\/mundialdoqueijodobrasil.com\/?post_type=product&#038;p=1461"},"modified":"2020-02-11T21:41:43","modified_gmt":"2020-02-12T00:41:43","slug":"inscricao-de-1-produto-laticinio","status":"publish","type":"product","link":"https:\/\/mundialdoqueijodobrasil.com\/fr\/produit\/inscricao-de-1-produto-laticinio\/","title":{"rendered":"Enregistrement d&#039;un produit compl\u00e9mentaire (produits laitiers)"},"content":{"rendered":"<p><span style=\"font-weight: 400;\">Frais d&#039;enregistrement d&#039;un produit laitier suppl\u00e9mentaire.<\/span><\/p>\n<p>Votre fromage doit \u00eatre livr\u00e9 au plus tard le jeudi 8 ao\u00fbt au Grande Hotel de Arax\u00e1 ou envoy\u00e9 \u00e0 l&#039;un des points de collecte de fromage au Br\u00e9sil aux dates fix\u00e9es par la r\u00e9glementation.<\/p>","protected":false},"excerpt":{"rendered":"<p><span style=\"font-weight: 400;\">Frais d&#039;enregistrement d&#039;un produit laitier.<\/span><\/p>","protected":false},"featured_media":1214,"template":"","meta":{"_price":"44","_stock":"100.000000","_tribe_ticket_header":"","_tribe_default_ticket_provider":"","_tribe_ticket_capacity":"111","_ticket_start_date":"","_ticket_end_date":"","_tribe_ticket_show_description":"","_tribe_ticket_show_not_going":false,"_tribe_ticket_use_global_stock":"","_tribe_ticket_global_stock_level":"","_global_stock_mode":"","_global_stock_cap":"","_tribe_rsvp_for_event":"","_tribe_ticket_going_count":"","_tribe_ticket_not_going_count":"","_tribe_tickets_list":"[]","_tribe_ticket_has_attendee_info_fields":false,"_tec_slr_enabled":"","_tec_slr_layout":""},"product_brand":[],"product_cat":[98,58],"product_tag":[59],"class_list":{"0":"post-1461","1":"product","2":"type-product","3":"status-publish","4":"has-post-thumbnail","6":"product_cat-1-produto-laticinio-e-fazenda","7":"product_cat-inscricao","8":"product_tag-concurso","10":"first","11":"outofstock","12":"shipping-taxable","13":"purchasable","14":"product-type-simple"},"_links":{"self":[{"href":"https:\/\/mundialdoqueijodobrasil.com\/fr\/wp-json\/wp\/v2\/product\/1461","targetHints":{"allow":["GET"]}}],"collection":[{"href":"https:\/\/mundialdoqueijodobrasil.com\/fr\/wp-json\/wp\/v2\/product"}],"about":[{"href":"https:\/\/mundialdoqueijodobrasil.com\/fr\/wp-json\/wp\/v2\/types\/product"}],"version-history":[{"count":0,"href":"https:\/\/mundialdoqueijodobrasil.com\/fr\/wp-json\/wp\/v2\/product\/1461\/revisions"}],"wp:featuredmedia":[{"embeddable":true,"href":"https:\/\/mundialdoqueijodobrasil.com\/fr\/wp-json\/wp\/v2\/media\/1214"}],"wp:attachment":[{"href":"https:\/\/mundialdoqueijodobrasil.com\/fr\/wp-json\/wp\/v2\/media?parent=1461"}],"wp:term":[{"taxonomy":"product_brand","embeddable":true,"href":"https:\/\/mundialdoqueijodobrasil.com\/fr\/wp-json\/wp\/v2\/product_brand?post=1461"},{"taxonomy":"product_cat","embeddable":true,"href":"https:\/\/mundialdoqueijodobrasil.com\/fr\/wp-json\/wp\/v2\/product_cat?post=1461"},{"taxonomy":"product_tag","embeddable":true,"href":"https:\/\/mundialdoqueijodobrasil.com\/fr\/wp-json\/wp\/v2\/product_tag?post=1461"}],"curies":[{"name":"wp","href":"https:\/\/api.w.org\/{rel}","templated":true}]}}