{"id":2304,"date":"2019-04-03T00:19:51","date_gmt":"2019-04-03T03:19:51","guid":{"rendered":"https:\/\/mundialdoqueijodobrasil.com\/produto\/registration-of-5-products-milk-of-the-farm\/"},"modified":"2019-08-05T00:11:35","modified_gmt":"2019-08-05T03:11:35","slug":"registration-of-5-products-milk-of-the-farm","status":"publish","type":"product","link":"https:\/\/mundialdoqueijodobrasil.com\/fr\/produit\/registration-of-5-products-milk-of-the-farm\/","title":{"rendered":"Enregistrement de 5 produits (Lait de la ferme)"},"content":{"rendered":"<p>Tarif d&#039;enregistrement de 5 produits pour un producteur qui transforme le lait de sa ferme.<\/p>\n<p>Votre fromage doit \u00eatre livr\u00e9 avant le jeudi 8 ao\u00fbt au Grande Hotel de Arax\u00e1 ou envoy\u00e9 \u00e0 l&#039;un des points de collecte de fromage au Br\u00e9sil aux dates fix\u00e9es par le r\u00e8glement.<\/p>","protected":false},"excerpt":{"rendered":"<p>Tarif d&#039;enregistrement de 5 produits pour un producteur qui transforme le lait de sa ferme.<\/p>","protected":false},"featured_media":2100,"template":"","meta":{"_price":"140","_stock":"100.000000","_tribe_ticket_header":"","_tribe_default_ticket_provider":"","_tribe_ticket_capacity":"129","_ticket_start_date":"","_ticket_end_date":"","_tribe_ticket_show_description":"","_tribe_ticket_show_not_going":false,"_tribe_ticket_use_global_stock":"","_tribe_ticket_global_stock_level":"","_global_stock_mode":"","_global_stock_cap":"","_tribe_rsvp_for_event":"","_tribe_ticket_going_count":"","_tribe_ticket_not_going_count":"","_tribe_tickets_list":"[]","_tribe_ticket_has_attendee_info_fields":false,"_tec_slr_enabled":"","_tec_slr_layout":""},"product_brand":[],"product_cat":[73],"product_tag":[74],"class_list":{"0":"post-2304","1":"product","2":"type-product","3":"status-publish","4":"has-post-thumbnail","6":"product_cat-registration","7":"product_tag-contest-en","9":"first","10":"outofstock","11":"sold-individually","12":"shipping-taxable","13":"purchasable","14":"product-type-simple"},"_links":{"self":[{"href":"https:\/\/mundialdoqueijodobrasil.com\/fr\/wp-json\/wp\/v2\/product\/2304","targetHints":{"allow":["GET"]}}],"collection":[{"href":"https:\/\/mundialdoqueijodobrasil.com\/fr\/wp-json\/wp\/v2\/product"}],"about":[{"href":"https:\/\/mundialdoqueijodobrasil.com\/fr\/wp-json\/wp\/v2\/types\/product"}],"version-history":[{"count":0,"href":"https:\/\/mundialdoqueijodobrasil.com\/fr\/wp-json\/wp\/v2\/product\/2304\/revisions"}],"wp:featuredmedia":[{"embeddable":true,"href":"https:\/\/mundialdoqueijodobrasil.com\/fr\/wp-json\/wp\/v2\/media\/2100"}],"wp:attachment":[{"href":"https:\/\/mundialdoqueijodobrasil.com\/fr\/wp-json\/wp\/v2\/media?parent=2304"}],"wp:term":[{"taxonomy":"product_brand","embeddable":true,"href":"https:\/\/mundialdoqueijodobrasil.com\/fr\/wp-json\/wp\/v2\/product_brand?post=2304"},{"taxonomy":"product_cat","embeddable":true,"href":"https:\/\/mundialdoqueijodobrasil.com\/fr\/wp-json\/wp\/v2\/product_cat?post=2304"},{"taxonomy":"product_tag","embeddable":true,"href":"https:\/\/mundialdoqueijodobrasil.com\/fr\/wp-json\/wp\/v2\/product_tag?post=2304"}],"curies":[{"name":"wp","href":"https:\/\/api.w.org\/{rel}","templated":true}]}}