{"id":9145,"date":"2024-03-19T15:19:19","date_gmt":"2024-03-19T18:19:19","guid":{"rendered":"https:\/\/mundialdoqueijodobrasil.com\/produto\/curso-a-biodiversidade-das-culturas-lacteas-na-criacao-de-texturas-e-aromas-uma-jornada-sensorial-ao-longo-da-maturacao\/"},"modified":"2024-04-11T11:14:04","modified_gmt":"2024-04-11T14:14:04","slug":"curso-a-biodiversidade-das-culturas-lacteas-na-criacao-de-texturas-e-aromas-uma-jornada-sensorial-ao-longo-da-maturacao","status":"publish","type":"product","link":"https:\/\/mundialdoqueijodobrasil.com\/fr\/evento\/curso-a-biodiversidade-das-culturas-lacteas-na-criacao-de-texturas-e-aromas-uma-jornada-sensorial-ao-longo-da-maturacao\/","title":{"rendered":"Curso &#8211; A biodiversidade das culturas l\u00e1cteas na cria\u00e7\u00e3o de texturas e aromas: uma jornada sensorial ao longo da matura\u00e7\u00e3o"},"content":{"rendered":"","protected":false},"excerpt":{"rendered":"","protected":false},"featured_media":0,"template":"","meta":{"_price":"120","_stock":"30","_tribe_ticket_header":"","_tribe_default_ticket_provider":"","_tribe_ticket_capacity":"50","_ticket_start_date":"2024-03-19 00:00:00","_ticket_end_date":"2024-04-04 08:00:00","_tribe_ticket_show_description":"yes","_tribe_ticket_show_not_going":false,"_tribe_ticket_use_global_stock":"","_tribe_ticket_global_stock_level":"","_global_stock_mode":"own","_global_stock_cap":"","_tribe_rsvp_for_event":"","_tribe_ticket_going_count":"","_tribe_ticket_not_going_count":"","_tribe_tickets_list":"[]","_tribe_ticket_has_attendee_info_fields":false,"_tec_slr_enabled":"","_tec_slr_layout":""},"product_brand":[],"product_cat":[],"product_tag":[],"class_list":{"0":"post-9145","1":"product","2":"type-product","3":"status-publish","6":"first","7":"instock","8":"virtual","9":"purchasable","10":"product-type-simple"},"_links":{"self":[{"href":"https:\/\/mundialdoqueijodobrasil.com\/fr\/wp-json\/wp\/v2\/product\/9145","targetHints":{"allow":["GET"]}}],"collection":[{"href":"https:\/\/mundialdoqueijodobrasil.com\/fr\/wp-json\/wp\/v2\/product"}],"about":[{"href":"https:\/\/mundialdoqueijodobrasil.com\/fr\/wp-json\/wp\/v2\/types\/product"}],"version-history":[{"count":0,"href":"https:\/\/mundialdoqueijodobrasil.com\/fr\/wp-json\/wp\/v2\/product\/9145\/revisions"}],"wp:attachment":[{"href":"https:\/\/mundialdoqueijodobrasil.com\/fr\/wp-json\/wp\/v2\/media?parent=9145"}],"wp:term":[{"taxonomy":"product_brand","embeddable":true,"href":"https:\/\/mundialdoqueijodobrasil.com\/fr\/wp-json\/wp\/v2\/product_brand?post=9145"},{"taxonomy":"product_cat","embeddable":true,"href":"https:\/\/mundialdoqueijodobrasil.com\/fr\/wp-json\/wp\/v2\/product_cat?post=9145"},{"taxonomy":"product_tag","embeddable":true,"href":"https:\/\/mundialdoqueijodobrasil.com\/fr\/wp-json\/wp\/v2\/product_tag?post=9145"}],"curies":[{"name":"wp","href":"https:\/\/api.w.org\/{rel}","templated":true}]}}